{"id":380,"date":"2021-10-07T08:41:37","date_gmt":"2021-10-07T06:41:37","guid":{"rendered":"https:\/\/sistemasgaitan.wordpress.com\/?page_id=380"},"modified":"2022-10-19T13:12:12","modified_gmt":"2022-10-19T12:12:12","slug":"comercial","status":"publish","type":"page","link":"https:\/\/manservi.es\/english\/comercial\/","title":{"rendered":"Commercial Solutions"},"content":{"rendered":"<div data-elementor-type=\"wp-page\" data-elementor-id=\"380\" class=\"elementor elementor-380\">\n\t\t\t\t\t\t<section class=\"elementor-section elementor-top-section elementor-element elementor-element-398c40f elementor-section-boxed elementor-section-height-default elementor-section-height-default\" data-id=\"398c40f\" data-element_type=\"section\">\n\t\t\t\t\t\t<div class=\"elementor-container elementor-column-gap-default\">\n\t\t\t\t\t<div class=\"elementor-column elementor-col-100 elementor-top-column elementor-element elementor-element-f1357ae\" data-id=\"f1357ae\" data-element_type=\"column\">\n\t\t\t<div class=\"elementor-widget-wrap elementor-element-populated\">\n\t\t\t\t\t\t<div class=\"elementor-element elementor-element-4ef3b08 elementor-invisible elementor-widget elementor-widget-heading\" data-id=\"4ef3b08\" data-element_type=\"widget\" data-settings=\"{&quot;_animation&quot;:&quot;fadeInUp&quot;}\" data-widget_type=\"heading.default\">\n\t\t\t\t<div class=\"elementor-widget-container\">\n\t\t\t\t\t<h2 class=\"elementor-heading-title elementor-size-default\">Leaders in commercial air conditioning and ventilation systems.<\/h2>\t\t\t\t<\/div>\n\t\t\t\t<\/div>\n\t\t\t\t<div class=\"elementor-element elementor-element-ad4ee86 elementor-invisible elementor-widget elementor-widget-text-editor\" data-id=\"ad4ee86\" data-element_type=\"widget\" data-settings=\"{&quot;_animation&quot;:&quot;fadeIn&quot;}\" data-widget_type=\"text-editor.default\">\n\t\t\t\t<div class=\"elementor-widget-container\">\n\t\t\t\t\t\t\t\t\t<p class=\"has-text-align-center\">Our experience allows us to guarantee an optimal result, especially in installations related to <b>hospitality<\/b> and <b>restaurants<\/b>. <strong>hosteler\u00eda <\/strong>y <strong>restauraci\u00f3n<\/strong>.<\/p>\n<p><!-- \/wp:paragraph --><!-- wp:paragraph {\"align\":\"center\"} --><\/p>\n<p class=\"has-text-align-center translation-block\">Manservi has been making installations for 35 years for <b>well-known chains of restaurants<\/b>, fashion stores and hotels in the country.<\/p>\n<p><!-- \/wp:paragraph --><!-- wp:paragraph {\"align\":\"center\"} --><\/p>\n<p class=\"has-text-align-center\">We adapt to the customer's needs. We will design your installation, install it, and provide technical service.<\/p>\t\t\t\t\t\t\t\t<\/div>\n\t\t\t\t<\/div>\n\t\t\t\t<div class=\"elementor-element elementor-element-dba0f1c elementor-widget elementor-widget-spacer\" data-id=\"dba0f1c\" data-element_type=\"widget\" data-widget_type=\"spacer.default\">\n\t\t\t\t<div class=\"elementor-widget-container\">\n\t\t\t\t\t\t\t<div class=\"elementor-spacer\">\n\t\t\t<div class=\"elementor-spacer-inner\"><\/div>\n\t\t<\/div>\n\t\t\t\t\t\t<\/div>\n\t\t\t\t<\/div>\n\t\t\t\t\t<\/div>\n\t\t<\/div>\n\t\t\t\t\t<\/div>\n\t\t<\/section>\n\t\t\t\t<section class=\"elementor-section elementor-top-section elementor-element elementor-element-eeb1b35 elementor-section-stretched elementor-section-boxed elementor-section-height-default elementor-section-height-default\" data-id=\"eeb1b35\" data-element_type=\"section\" data-settings=\"{&quot;stretch_section&quot;:&quot;section-stretched&quot;,&quot;background_background&quot;:&quot;classic&quot;}\">\n\t\t\t\t\t\t<div class=\"elementor-container elementor-column-gap-custom\">\n\t\t\t\t\t<div class=\"elementor-column elementor-col-50 elementor-top-column elementor-element elementor-element-eb296dc\" data-id=\"eb296dc\" data-element_type=\"column\">\n\t\t\t<div class=\"elementor-widget-wrap elementor-element-populated\">\n\t\t\t\t\t\t<div class=\"elementor-element elementor-element-8178c6f elementor-invisible elementor-widget elementor-widget-image\" data-id=\"8178c6f\" data-element_type=\"widget\" data-settings=\"{&quot;_animation&quot;:&quot;fadeInLeft&quot;}\" data-widget_type=\"image.default\">\n\t\t\t\t<div class=\"elementor-widget-container\">\n\t\t\t\t\t\t\t\t\t\t\t\t\t\t\t<img decoding=\"async\" src=\"https:\/\/manservi.es\/wp-content\/uploads\/elementor\/thumbs\/IMG_20221019_130528-pwfy2yvkk8tkpfa4zqbe6b7bcxg5p26sxap2singnk.jpg\" title=\"IMG_20221019_130528\" alt=\"IMG_20221019_130528\" class=\"elementor-animation-grow\" loading=\"lazy\" \/>\t\t\t\t\t\t\t\t\t\t\t\t\t\t\t<\/div>\n\t\t\t\t<\/div>\n\t\t\t\t<div class=\"elementor-element elementor-element-2ffad35 elementor-invisible elementor-widget elementor-widget-heading\" data-id=\"2ffad35\" data-element_type=\"widget\" data-settings=\"{&quot;_animation&quot;:&quot;fadeInLeft&quot;}\" data-widget_type=\"heading.default\">\n\t\t\t\t<div class=\"elementor-widget-container\">\n\t\t\t\t\t<h4 class=\"elementor-heading-title elementor-size-default\">Hospitality and Restaurants<\/h4>\t\t\t\t<\/div>\n\t\t\t\t<\/div>\n\t\t\t\t<div class=\"elementor-element elementor-element-898e16c elementor-invisible elementor-widget elementor-widget-text-editor\" data-id=\"898e16c\" data-element_type=\"widget\" data-settings=\"{&quot;_animation&quot;:&quot;fadeInLeft&quot;}\" data-widget_type=\"text-editor.default\">\n\t\t\t\t<div class=\"elementor-widget-container\">\n\t\t\t\t\t\t\t\t\t<p class=\"translation-block\">Our technical office will study your case individually, <b>offering and installing the equipment that best suits your needs<\/b>.<\/p>\t\t\t\t\t\t\t\t<\/div>\n\t\t\t\t<\/div>\n\t\t\t\t<div class=\"elementor-element elementor-element-81a99cb elementor-invisible elementor-widget elementor-widget-text-editor\" data-id=\"81a99cb\" data-element_type=\"widget\" data-settings=\"{&quot;_animation&quot;:&quot;fadeInLeft&quot;}\" data-widget_type=\"text-editor.default\">\n\t\t\t\t<div class=\"elementor-widget-container\">\n\t\t\t\t\t\t\t\t\t<p class=\"translation-block\">Manservi works only with <b>well known brands<\/b>.<\/p>\t\t\t\t\t\t\t\t<\/div>\n\t\t\t\t<\/div>\n\t\t\t\t\t<\/div>\n\t\t<\/div>\n\t\t\t\t<div class=\"elementor-column elementor-col-50 elementor-top-column elementor-element elementor-element-23702ae\" data-id=\"23702ae\" data-element_type=\"column\">\n\t\t\t<div class=\"elementor-widget-wrap elementor-element-populated\">\n\t\t\t\t\t\t<div class=\"elementor-element elementor-element-515dbcd elementor-invisible elementor-widget elementor-widget-image\" data-id=\"515dbcd\" data-element_type=\"widget\" data-settings=\"{&quot;_animation&quot;:&quot;fadeInRight&quot;}\" data-widget_type=\"image.default\">\n\t\t\t\t<div class=\"elementor-widget-container\">\n\t\t\t\t\t\t\t\t\t\t\t\t\t\t\t<img decoding=\"async\" src=\"https:\/\/manservi.es\/wp-content\/uploads\/elementor\/thumbs\/4641c-pexels-adrien-olichon-2464420-pj8w77m7122q471s9yeo3xb3glgj33vagtp9ezdekw.jpg\" title=\"4641c-pexels-adrien-olichon-2464420\" alt=\"4641c-pexels-adrien-olichon-2464420\" class=\"elementor-animation-grow\" loading=\"lazy\" \/>\t\t\t\t\t\t\t\t\t\t\t\t\t\t\t<\/div>\n\t\t\t\t<\/div>\n\t\t\t\t<div class=\"elementor-element elementor-element-be46485 elementor-invisible elementor-widget elementor-widget-heading\" data-id=\"be46485\" data-element_type=\"widget\" data-settings=\"{&quot;_animation&quot;:&quot;fadeInRight&quot;}\" data-widget_type=\"heading.default\">\n\t\t\t\t<div class=\"elementor-widget-container\">\n\t\t\t\t\t<h4 class=\"elementor-heading-title elementor-size-default\">Commercial Services<\/h4>\t\t\t\t<\/div>\n\t\t\t\t<\/div>\n\t\t\t\t<div class=\"elementor-element elementor-element-7c40e55 elementor-invisible elementor-widget elementor-widget-text-editor\" data-id=\"7c40e55\" data-element_type=\"widget\" data-settings=\"{&quot;_animation&quot;:&quot;fadeInRight&quot;}\" data-widget_type=\"text-editor.default\">\n\t\t\t\t<div class=\"elementor-widget-container\">\n\t\t\t\t\t\t\t\t\t<p class=\"translation-block\">Fashion stores, supermarkets, commercial spaces... Whatever your business is, we will take care of the <b>air conditioning<\/b> and <b>ventilation<\/b>. Manservi works only with <b>well known brands<\/b>.<\/p>\t\t\t\t\t\t\t\t<\/div>\n\t\t\t\t<\/div>\n\t\t\t\t\t<\/div>\n\t\t<\/div>\n\t\t\t\t\t<\/div>\n\t\t<\/section>\n\t\t\t\t<section class=\"elementor-section elementor-top-section elementor-element elementor-element-b2ff9cd elementor-section-stretched elementor-section-boxed elementor-section-height-default elementor-section-height-default elementor-invisible\" data-id=\"b2ff9cd\" data-element_type=\"section\" data-settings=\"{&quot;stretch_section&quot;:&quot;section-stretched&quot;,&quot;background_background&quot;:&quot;classic&quot;,&quot;animation&quot;:&quot;zoomIn&quot;}\">\n\t\t\t\t\t\t\t<div class=\"elementor-background-overlay\"><\/div>\n\t\t\t\t\t\t\t<div class=\"elementor-container elementor-column-gap-default\">\n\t\t\t\t\t<div class=\"elementor-column elementor-col-100 elementor-top-column elementor-element elementor-element-091c61e\" data-id=\"091c61e\" data-element_type=\"column\">\n\t\t\t<div class=\"elementor-widget-wrap elementor-element-populated\">\n\t\t\t\t\t\t<div class=\"elementor-element elementor-element-999ab7c elementor-widget elementor-widget-spacer\" data-id=\"999ab7c\" data-element_type=\"widget\" data-widget_type=\"spacer.default\">\n\t\t\t\t<div class=\"elementor-widget-container\">\n\t\t\t\t\t\t\t<div class=\"elementor-spacer\">\n\t\t\t<div class=\"elementor-spacer-inner\"><\/div>\n\t\t<\/div>\n\t\t\t\t\t\t<\/div>\n\t\t\t\t<\/div>\n\t\t\t\t<div class=\"elementor-element elementor-element-5dadfb2 elementor-widget elementor-widget-heading\" data-id=\"5dadfb2\" data-element_type=\"widget\" data-widget_type=\"heading.default\">\n\t\t\t\t<div class=\"elementor-widget-container\">\n\t\t\t\t\t<h2 class=\"elementor-heading-title elementor-size-default\">Let us take care of everything<\/h2>\t\t\t\t<\/div>\n\t\t\t\t<\/div>\n\t\t\t\t<div class=\"elementor-element elementor-element-286a258 elementor-align-center elementor-widget elementor-widget-button\" data-id=\"286a258\" data-element_type=\"widget\" data-widget_type=\"button.default\">\n\t\t\t\t<div class=\"elementor-widget-container\">\n\t\t\t\t\t\t\t\t\t<div class=\"elementor-button-wrapper\">\n\t\t\t\t\t<a class=\"elementor-button elementor-button-link elementor-size-sm elementor-animation-bob\" href=\"https:\/\/manservi.es\/english\/contacto\/\">\n\t\t\t\t\t\t<span class=\"elementor-button-content-wrapper\">\n\t\t\t\t\t\t<span class=\"elementor-button-icon\">\n\t\t\t\t<i aria-hidden=\"true\" class=\"icon icon-contact\"><\/i>\t\t\t<\/span>\n\t\t\t\t\t\t\t\t\t<span class=\"elementor-button-text\">CONTACT US<\/span>\n\t\t\t\t\t<\/span>\n\t\t\t\t\t<\/a>\n\t\t\t\t<\/div>\n\t\t\t\t\t\t\t\t<\/div>\n\t\t\t\t<\/div>\n\t\t\t\t<div class=\"elementor-element elementor-element-8862673 elementor-widget elementor-widget-spacer\" data-id=\"8862673\" data-element_type=\"widget\" data-widget_type=\"spacer.default\">\n\t\t\t\t<div class=\"elementor-widget-container\">\n\t\t\t\t\t\t\t<div class=\"elementor-spacer\">\n\t\t\t<div class=\"elementor-spacer-inner\"><\/div>\n\t\t<\/div>\n\t\t\t\t\t\t<\/div>\n\t\t\t\t<\/div>\n\t\t\t\t\t<\/div>\n\t\t<\/div>\n\t\t\t\t\t<\/div>\n\t\t<\/section>\n\t\t\t\t<section class=\"elementor-section elementor-top-section elementor-element elementor-element-d6ab3fe elementor-section-boxed elementor-section-height-default elementor-section-height-default\" data-id=\"d6ab3fe\" data-element_type=\"section\">\n\t\t\t\t\t\t<div class=\"elementor-container elementor-column-gap-default\">\n\t\t\t\t\t<div class=\"elementor-column elementor-col-100 elementor-top-column elementor-element elementor-element-7c84b77\" data-id=\"7c84b77\" data-element_type=\"column\">\n\t\t\t<div class=\"elementor-widget-wrap elementor-element-populated\">\n\t\t\t\t\t\t<div class=\"elementor-element elementor-element-664c6b1 elementor-shape-rounded elementor-grid-0 e-grid-align-center elementor-widget elementor-widget-social-icons\" data-id=\"664c6b1\" data-element_type=\"widget\" data-widget_type=\"social-icons.default\">\n\t\t\t\t<div class=\"elementor-widget-container\">\n\t\t\t\t\t\t\t<div class=\"elementor-social-icons-wrapper elementor-grid\">\n\t\t\t\t\t\t\t<span class=\"elementor-grid-item\">\n\t\t\t\t\t<a class=\"elementor-icon elementor-social-icon elementor-social-icon-linkedin elementor-repeater-item-4f91ea4\" target=\"_blank\">\n\t\t\t\t\t\t<span class=\"elementor-screen-only\">LinkedIn<\/span>\n\t\t\t\t\t\t<i class=\"fab fa-linkedin\"><\/i>\t\t\t\t\t<\/a>\n\t\t\t\t<\/span>\n\t\t\t\t\t<\/div>\n\t\t\t\t\t\t<\/div>\n\t\t\t\t<\/div>\n\t\t\t\t\t<\/div>\n\t\t<\/div>\n\t\t\t\t\t<\/div>\n\t\t<\/section>\n\t\t\t\t<\/div>","protected":false},"excerpt":{"rendered":"<p>L\u00edderes en climatizaci\u00f3n y ventilaci\u00f3n de comercios. Nuestra experiencia a nivel nacional nos permite garantizar un resultado \u00f3ptimo, especialmente en instalaciones relacionadas con la hosteler\u00eda y restauraci\u00f3n. Manservi lleva 35 a\u00f1os haciendo instalaciones para reconocidas cadenas de restauraci\u00f3n, moda, comercios de todo tipo y hosteler\u00eda del pa\u00eds. Nos adaptamos a [&hellip;]<\/p>\n","protected":false},"author":1,"featured_media":1292,"parent":0,"menu_order":0,"comment_status":"closed","ping_status":"closed","template":"","meta":{"_monsterinsights_skip_tracking":false,"_monsterinsights_sitenote_active":false,"_monsterinsights_sitenote_note":"","_monsterinsights_sitenote_category":0,"footnotes":""},"yoast_head":"<!-- This site is optimized with the Yoast SEO plugin v23.5 - https:\/\/yoast.com\/wordpress\/plugins\/seo\/ -->\n<title>Manservi, S.L. - Comercial<\/title>\n<meta name=\"description\" content=\"Climatizamos locales comerciales de todo tipo, como tiendas de moda o alimentaci\u00f3n. Somos expertos en climatizar locales de restauraci\u00f3n.\" \/>\n<meta name=\"robots\" content=\"index, follow, max-snippet:-1, max-image-preview:large, max-video-preview:-1\" \/>\n<link rel=\"canonical\" href=\"https:\/\/manservi.es\/english\/comercial\/\" \/>\n<meta property=\"og:locale\" content=\"en_US\" \/>\n<meta property=\"og:type\" content=\"article\" \/>\n<meta property=\"og:title\" content=\"Manservi, S.L. - Comercial\" \/>\n<meta property=\"og:description\" content=\"Climatizamos locales comerciales de todo tipo, como tiendas de moda o alimentaci\u00f3n. Somos expertos en climatizar locales de restauraci\u00f3n.\" \/>\n<meta property=\"og:url\" content=\"https:\/\/manservi.es\/english\/comercial\/\" \/>\n<meta property=\"og:site_name\" content=\"Manservi\" \/>\n<meta property=\"article:modified_time\" content=\"2022-10-19T12:12:12+00:00\" \/>\n<meta property=\"og:image\" content=\"https:\/\/manservi.es\/wp-content\/uploads\/2022\/01\/pexels-mehmet-suat-3252051-scaled-1.jpg\" \/>\n\t<meta property=\"og:image:width\" content=\"1920\" \/>\n\t<meta property=\"og:image:height\" content=\"2560\" \/>\n\t<meta property=\"og:image:type\" content=\"image\/jpeg\" \/>\n<meta name=\"twitter:card\" content=\"summary_large_image\" \/>\n<meta name=\"twitter:label1\" content=\"Est. reading time\" \/>\n\t<meta name=\"twitter:data1\" content=\"2 minutes\" \/>\n<script type=\"application\/ld+json\" class=\"yoast-schema-graph\">{\"@context\":\"https:\/\/schema.org\",\"@graph\":[{\"@type\":\"WebPage\",\"@id\":\"https:\/\/manservi.es\/comercial\/\",\"url\":\"https:\/\/manservi.es\/comercial\/\",\"name\":\"Manservi, S.L. - Comercial\",\"isPartOf\":{\"@id\":\"https:\/\/manservi.es\/#website\"},\"primaryImageOfPage\":{\"@id\":\"https:\/\/manservi.es\/comercial\/#primaryimage\"},\"image\":{\"@id\":\"https:\/\/manservi.es\/comercial\/#primaryimage\"},\"thumbnailUrl\":\"https:\/\/manservi.es\/wp-content\/uploads\/2022\/01\/pexels-mehmet-suat-3252051-scaled-1.jpg\",\"datePublished\":\"2021-10-07T06:41:37+00:00\",\"dateModified\":\"2022-10-19T12:12:12+00:00\",\"description\":\"Climatizamos locales comerciales de todo tipo, como tiendas de moda o alimentaci\u00f3n. Somos expertos en climatizar locales de restauraci\u00f3n.\",\"breadcrumb\":{\"@id\":\"https:\/\/manservi.es\/comercial\/#breadcrumb\"},\"inLanguage\":\"en-US\",\"potentialAction\":[{\"@type\":\"ReadAction\",\"target\":[\"https:\/\/manservi.es\/comercial\/\"]}]},{\"@type\":\"ImageObject\",\"inLanguage\":\"en-US\",\"@id\":\"https:\/\/manservi.es\/comercial\/#primaryimage\",\"url\":\"https:\/\/manservi.es\/wp-content\/uploads\/2022\/01\/pexels-mehmet-suat-3252051-scaled-1.jpg\",\"contentUrl\":\"https:\/\/manservi.es\/wp-content\/uploads\/2022\/01\/pexels-mehmet-suat-3252051-scaled-1.jpg\",\"width\":1920,\"height\":2560},{\"@type\":\"BreadcrumbList\",\"@id\":\"https:\/\/manservi.es\/comercial\/#breadcrumb\",\"itemListElement\":[{\"@type\":\"ListItem\",\"position\":1,\"name\":\"Portada\",\"item\":\"https:\/\/manservi.es\/\"},{\"@type\":\"ListItem\",\"position\":2,\"name\":\"Comercial\"}]},{\"@type\":\"WebSite\",\"@id\":\"https:\/\/manservi.es\/#website\",\"url\":\"https:\/\/manservi.es\/\",\"name\":\"Manservi\",\"description\":\"Compa\u00f1\u00eda l\u00edder del sector de la climatizaci\u00f3n y fotovoltaica.\",\"publisher\":{\"@id\":\"https:\/\/manservi.es\/#organization\"},\"potentialAction\":[{\"@type\":\"SearchAction\",\"target\":{\"@type\":\"EntryPoint\",\"urlTemplate\":\"https:\/\/manservi.es\/?s={search_term_string}\"},\"query-input\":{\"@type\":\"PropertyValueSpecification\",\"valueRequired\":true,\"valueName\":\"search_term_string\"}}],\"inLanguage\":\"en-US\"},{\"@type\":\"Organization\",\"@id\":\"https:\/\/manservi.es\/#organization\",\"name\":\"Manservi, S.L.\",\"url\":\"https:\/\/manservi.es\/\",\"logo\":{\"@type\":\"ImageObject\",\"inLanguage\":\"en-US\",\"@id\":\"https:\/\/manservi.es\/#\/schema\/logo\/image\/\",\"url\":\"https:\/\/manservi.es\/wp-content\/uploads\/2022\/01\/logotipo_manservi_RGB-1.jpg\",\"contentUrl\":\"https:\/\/manservi.es\/wp-content\/uploads\/2022\/01\/logotipo_manservi_RGB-1.jpg\",\"width\":1783,\"height\":786,\"caption\":\"Manservi, S.L.\"},\"image\":{\"@id\":\"https:\/\/manservi.es\/#\/schema\/logo\/image\/\"}}]}<\/script>\n<!-- \/ Yoast SEO plugin. -->","yoast_head_json":{"title":"Manservi, S.L. - Comercial","description":"Climatizamos locales comerciales de todo tipo, como tiendas de moda o alimentaci\u00f3n. Somos expertos en climatizar locales de restauraci\u00f3n.","robots":{"index":"index","follow":"follow","max-snippet":"max-snippet:-1","max-image-preview":"max-image-preview:large","max-video-preview":"max-video-preview:-1"},"canonical":"https:\/\/manservi.es\/english\/comercial\/","og_locale":"en_US","og_type":"article","og_title":"Manservi, S.L. - Comercial","og_description":"Climatizamos locales comerciales de todo tipo, como tiendas de moda o alimentaci\u00f3n. Somos expertos en climatizar locales de restauraci\u00f3n.","og_url":"https:\/\/manservi.es\/english\/comercial\/","og_site_name":"Manservi","article_modified_time":"2022-10-19T12:12:12+00:00","og_image":[{"width":1920,"height":2560,"url":"https:\/\/manservi.es\/wp-content\/uploads\/2022\/01\/pexels-mehmet-suat-3252051-scaled-1.jpg","type":"image\/jpeg"}],"twitter_card":"summary_large_image","twitter_misc":{"Est. reading time":"2 minutes"},"schema":{"@context":"https:\/\/schema.org","@graph":[{"@type":"WebPage","@id":"https:\/\/manservi.es\/comercial\/","url":"https:\/\/manservi.es\/comercial\/","name":"Manservi, S.L. - Comercial","isPartOf":{"@id":"https:\/\/manservi.es\/#website"},"primaryImageOfPage":{"@id":"https:\/\/manservi.es\/comercial\/#primaryimage"},"image":{"@id":"https:\/\/manservi.es\/comercial\/#primaryimage"},"thumbnailUrl":"https:\/\/manservi.es\/wp-content\/uploads\/2022\/01\/pexels-mehmet-suat-3252051-scaled-1.jpg","datePublished":"2021-10-07T06:41:37+00:00","dateModified":"2022-10-19T12:12:12+00:00","description":"Climatizamos locales comerciales de todo tipo, como tiendas de moda o alimentaci\u00f3n. Somos expertos en climatizar locales de restauraci\u00f3n.","breadcrumb":{"@id":"https:\/\/manservi.es\/comercial\/#breadcrumb"},"inLanguage":"en-US","potentialAction":[{"@type":"ReadAction","target":["https:\/\/manservi.es\/comercial\/"]}]},{"@type":"ImageObject","inLanguage":"en-US","@id":"https:\/\/manservi.es\/comercial\/#primaryimage","url":"https:\/\/manservi.es\/wp-content\/uploads\/2022\/01\/pexels-mehmet-suat-3252051-scaled-1.jpg","contentUrl":"https:\/\/manservi.es\/wp-content\/uploads\/2022\/01\/pexels-mehmet-suat-3252051-scaled-1.jpg","width":1920,"height":2560},{"@type":"BreadcrumbList","@id":"https:\/\/manservi.es\/comercial\/#breadcrumb","itemListElement":[{"@type":"ListItem","position":1,"name":"Portada","item":"https:\/\/manservi.es\/"},{"@type":"ListItem","position":2,"name":"Comercial"}]},{"@type":"WebSite","@id":"https:\/\/manservi.es\/#website","url":"https:\/\/manservi.es\/","name":"Manservi","description":"Compa\u00f1\u00eda l\u00edder del sector de la climatizaci\u00f3n y fotovoltaica.","publisher":{"@id":"https:\/\/manservi.es\/#organization"},"potentialAction":[{"@type":"SearchAction","target":{"@type":"EntryPoint","urlTemplate":"https:\/\/manservi.es\/?s={search_term_string}"},"query-input":{"@type":"PropertyValueSpecification","valueRequired":true,"valueName":"search_term_string"}}],"inLanguage":"en-US"},{"@type":"Organization","@id":"https:\/\/manservi.es\/#organization","name":"Manservi, S.L.","url":"https:\/\/manservi.es\/","logo":{"@type":"ImageObject","inLanguage":"en-US","@id":"https:\/\/manservi.es\/#\/schema\/logo\/image\/","url":"https:\/\/manservi.es\/wp-content\/uploads\/2022\/01\/logotipo_manservi_RGB-1.jpg","contentUrl":"https:\/\/manservi.es\/wp-content\/uploads\/2022\/01\/logotipo_manservi_RGB-1.jpg","width":1783,"height":786,"caption":"Manservi, S.L."},"image":{"@id":"https:\/\/manservi.es\/#\/schema\/logo\/image\/"}}]}},"_links":{"self":[{"href":"https:\/\/manservi.es\/english\/wp-json\/wp\/v2\/pages\/380"}],"collection":[{"href":"https:\/\/manservi.es\/english\/wp-json\/wp\/v2\/pages"}],"about":[{"href":"https:\/\/manservi.es\/english\/wp-json\/wp\/v2\/types\/page"}],"author":[{"embeddable":true,"href":"https:\/\/manservi.es\/english\/wp-json\/wp\/v2\/users\/1"}],"replies":[{"embeddable":true,"href":"https:\/\/manservi.es\/english\/wp-json\/wp\/v2\/comments?post=380"}],"version-history":[{"count":32,"href":"https:\/\/manservi.es\/english\/wp-json\/wp\/v2\/pages\/380\/revisions"}],"predecessor-version":[{"id":2329,"href":"https:\/\/manservi.es\/english\/wp-json\/wp\/v2\/pages\/380\/revisions\/2329"}],"wp:featuredmedia":[{"embeddable":true,"href":"https:\/\/manservi.es\/english\/wp-json\/wp\/v2\/media\/1292"}],"wp:attachment":[{"href":"https:\/\/manservi.es\/english\/wp-json\/wp\/v2\/media?parent=380"}],"curies":[{"name":"wp","href":"https:\/\/api.w.org\/{rel}","templated":true}]}}