{"id":286,"date":"2021-10-01T09:25:28","date_gmt":"2021-10-01T07:25:28","guid":{"rendered":"https:\/\/sistemasgaitan.wordpress.com\/?page_id=286"},"modified":"2022-05-03T07:16:22","modified_gmt":"2022-05-03T07:16:22","slug":"trabaja-con-nosotros","status":"publish","type":"page","link":"https:\/\/manservi.es\/english\/trabaja-con-nosotros\/","title":{"rendered":"Work with us"},"content":{"rendered":"<div data-elementor-type=\"wp-page\" data-elementor-id=\"286\" class=\"elementor elementor-286\">\n\t\t\t\t\t\t<section class=\"elementor-section elementor-top-section elementor-element elementor-element-7525d4c elementor-section-stretched elementor-section-boxed elementor-section-height-default elementor-section-height-default\" data-id=\"7525d4c\" data-element_type=\"section\" data-settings=\"{&quot;stretch_section&quot;:&quot;section-stretched&quot;}\">\n\t\t\t\t\t\t<div class=\"elementor-container elementor-column-gap-wider\">\n\t\t\t\t\t<div class=\"elementor-column elementor-col-25 elementor-top-column elementor-element elementor-element-52eec62\" data-id=\"52eec62\" data-element_type=\"column\">\n\t\t\t<div class=\"elementor-widget-wrap elementor-element-populated\">\n\t\t\t\t\t\t<div class=\"elementor-element elementor-element-e5080e9 elementor-widget elementor-widget-heading\" data-id=\"e5080e9\" data-element_type=\"widget\" data-widget_type=\"heading.default\">\n\t\t\t\t<div class=\"elementor-widget-container\">\n\t\t\t\t\t<h2 class=\"elementor-heading-title elementor-size-default\">Our Story<\/h2>\t\t\t\t<\/div>\n\t\t\t\t<\/div>\n\t\t\t\t\t<\/div>\n\t\t<\/div>\n\t\t\t\t<div class=\"elementor-column elementor-col-50 elementor-top-column elementor-element elementor-element-70b064b\" data-id=\"70b064b\" data-element_type=\"column\">\n\t\t\t<div class=\"elementor-widget-wrap elementor-element-populated\">\n\t\t\t\t\t\t<div class=\"elementor-element elementor-element-a4c9ef7 elementor-widget elementor-widget-text-editor\" data-id=\"a4c9ef7\" data-element_type=\"widget\" data-widget_type=\"text-editor.default\">\n\t\t\t\t<div class=\"elementor-widget-container\">\n\t\t\t\t\t\t\t\t\t<p class=\"translation-block\">Manservi, S.L. was <strong>founded in 1988<\/strong>, offering air conditioning and ventilation solutions in an emerging sector.<\/p>\t\t\t\t\t\t\t\t<\/div>\n\t\t\t\t<\/div>\n\t\t\t\t<div class=\"elementor-element elementor-element-1ca8b70 elementor-widget elementor-widget-text-editor\" data-id=\"1ca8b70\" data-element_type=\"widget\" data-widget_type=\"text-editor.default\">\n\t\t\t\t<div class=\"elementor-widget-container\">\n\t\t\t\t\t\t\t\t\t<p class=\"translation-block\">Manservi belongs to the<strong>Sistemas Gaitan Group<\/strong>, and together with it, has been able to support countless customers all over the world.<\/p>\t\t\t\t\t\t\t\t<\/div>\n\t\t\t\t<\/div>\n\t\t\t\t<div class=\"elementor-element elementor-element-56d141d elementor-widget elementor-widget-text-editor\" data-id=\"56d141d\" data-element_type=\"widget\" data-widget_type=\"text-editor.default\">\n\t\t\t\t<div class=\"elementor-widget-container\">\n\t\t\t\t\t\t\t\t\t<p class=\"translation-block\">Today we can say that we are <b>pioneers<\/b> in the industry, and that we are proud to have been in the market for several <strong>decades of business excellence <\/strong>accredited by our customers, who are our absolute priority.<\/p>\t\t\t\t\t\t\t\t<\/div>\n\t\t\t\t<\/div>\n\t\t\t\t\t<\/div>\n\t\t<\/div>\n\t\t\t\t<div class=\"elementor-column elementor-col-25 elementor-top-column elementor-element elementor-element-239ddce\" data-id=\"239ddce\" data-element_type=\"column\">\n\t\t\t<div class=\"elementor-widget-wrap elementor-element-populated\">\n\t\t\t\t\t\t<div class=\"elementor-element elementor-element-3248666 elementor-widget elementor-widget-image\" data-id=\"3248666\" data-element_type=\"widget\" data-widget_type=\"image.default\">\n\t\t\t\t<div class=\"elementor-widget-container\">\n\t\t\t\t\t\t\t\t\t\t\t\t<figure class=\"wp-caption\">\n\t\t\t\t\t\t\t\t\t\t<img fetchpriority=\"high\" decoding=\"async\" width=\"386\" height=\"182\" src=\"https:\/\/manservi.es\/wp-content\/uploads\/2022\/01\/logo-antiguo-manservi.jpg\" class=\"attachment-large size-large wp-image-1257\" alt=\"\" srcset=\"https:\/\/manservi.es\/wp-content\/uploads\/2022\/01\/logo-antiguo-manservi.jpg 386w, https:\/\/manservi.es\/wp-content\/uploads\/2022\/01\/logo-antiguo-manservi-300x141.jpg 300w, https:\/\/manservi.es\/wp-content\/uploads\/2022\/01\/logo-antiguo-manservi-18x8.jpg 18w\" sizes=\"(max-width: 386px) 100vw, 386px\" \/>\t\t\t\t\t\t\t\t\t\t\t<figcaption class=\"widget-image-caption wp-caption-text\">Logo Original de la Empresa<\/figcaption>\n\t\t\t\t\t\t\t\t\t\t<\/figure>\n\t\t\t\t\t\t\t\t\t<\/div>\n\t\t\t\t<\/div>\n\t\t\t\t\t<\/div>\n\t\t<\/div>\n\t\t\t\t\t<\/div>\n\t\t<\/section>\n\t\t\t\t<section class=\"elementor-section elementor-top-section elementor-element elementor-element-764d4c8 elementor-section-stretched elementor-section-boxed elementor-section-height-default elementor-section-height-default\" data-id=\"764d4c8\" data-element_type=\"section\" data-settings=\"{&quot;stretch_section&quot;:&quot;section-stretched&quot;,&quot;background_background&quot;:&quot;classic&quot;}\">\n\t\t\t\t\t\t<div class=\"elementor-container elementor-column-gap-default\">\n\t\t\t\t\t<div class=\"elementor-column elementor-col-100 elementor-top-column elementor-element elementor-element-292c611\" data-id=\"292c611\" data-element_type=\"column\">\n\t\t\t<div class=\"elementor-widget-wrap elementor-element-populated\">\n\t\t\t\t\t\t<div class=\"elementor-element elementor-element-d5cf56d elementor-widget elementor-widget-spacer\" data-id=\"d5cf56d\" data-element_type=\"widget\" data-widget_type=\"spacer.default\">\n\t\t\t\t<div class=\"elementor-widget-container\">\n\t\t\t\t\t\t\t<div class=\"elementor-spacer\">\n\t\t\t<div class=\"elementor-spacer-inner\"><\/div>\n\t\t<\/div>\n\t\t\t\t\t\t<\/div>\n\t\t\t\t<\/div>\n\t\t\t\t\t<\/div>\n\t\t<\/div>\n\t\t\t\t\t<\/div>\n\t\t<\/section>\n\t\t\t\t<section class=\"elementor-section elementor-top-section elementor-element elementor-element-30efca2 elementor-section-stretched elementor-section-boxed elementor-section-height-default elementor-section-height-default\" data-id=\"30efca2\" data-element_type=\"section\" data-settings=\"{&quot;stretch_section&quot;:&quot;section-stretched&quot;,&quot;background_background&quot;:&quot;classic&quot;}\">\n\t\t\t\t\t\t<div class=\"elementor-container elementor-column-gap-default\">\n\t\t\t\t\t<div class=\"elementor-column elementor-col-50 elementor-top-column elementor-element elementor-element-58215ba\" data-id=\"58215ba\" data-element_type=\"column\">\n\t\t\t<div class=\"elementor-widget-wrap elementor-element-populated\">\n\t\t\t\t\t\t<div class=\"elementor-element elementor-element-c4e9c62 elementor-widget elementor-widget-heading\" data-id=\"c4e9c62\" data-element_type=\"widget\" data-widget_type=\"heading.default\">\n\t\t\t\t<div class=\"elementor-widget-container\">\n\t\t\t\t\t<h2 class=\"elementor-heading-title elementor-size-default\">BECOME A PART OF OUR STAFF<\/h2>\t\t\t\t<\/div>\n\t\t\t\t<\/div>\n\t\t\t\t\t<\/div>\n\t\t<\/div>\n\t\t\t\t<div class=\"elementor-column elementor-col-50 elementor-top-column elementor-element elementor-element-371c869\" data-id=\"371c869\" data-element_type=\"column\">\n\t\t\t<div class=\"elementor-widget-wrap elementor-element-populated\">\n\t\t\t\t\t\t<div class=\"elementor-element elementor-element-e5be16a elementor-widget elementor-widget-image\" data-id=\"e5be16a\" data-element_type=\"widget\" data-widget_type=\"image.default\">\n\t\t\t\t<div class=\"elementor-widget-container\">\n\t\t\t\t\t\t\t\t\t\t\t\t\t\t\t<img decoding=\"async\" src=\"https:\/\/manservi.es\/wp-content\/uploads\/elementor\/thumbs\/logo-manservi-png-cabecera-inicio-2-pj8wdedlu8ncfqgv001jw2npviu85tahhifmnjex0s.png\" title=\"logo-manservi-png-cabecera-inicio-2\" alt=\"logo-manservi-png-cabecera-inicio-2\" loading=\"lazy\" \/>\t\t\t\t\t\t\t\t\t\t\t\t\t\t\t<\/div>\n\t\t\t\t<\/div>\n\t\t\t\t\t<\/div>\n\t\t<\/div>\n\t\t\t\t\t<\/div>\n\t\t<\/section>\n\t\t\t\t<section class=\"elementor-section elementor-top-section elementor-element elementor-element-8ffe2cf elementor-section-stretched elementor-section-boxed elementor-section-height-default elementor-section-height-default\" data-id=\"8ffe2cf\" data-element_type=\"section\" data-settings=\"{&quot;stretch_section&quot;:&quot;section-stretched&quot;,&quot;background_background&quot;:&quot;classic&quot;}\">\n\t\t\t\t\t\t<div class=\"elementor-container elementor-column-gap-default\">\n\t\t\t\t\t<div class=\"elementor-column elementor-col-100 elementor-top-column elementor-element elementor-element-17b9522\" data-id=\"17b9522\" data-element_type=\"column\">\n\t\t\t<div class=\"elementor-widget-wrap elementor-element-populated\">\n\t\t\t\t\t\t<div class=\"elementor-element elementor-element-aba7260 elementor-widget elementor-widget-spacer\" data-id=\"aba7260\" data-element_type=\"widget\" data-widget_type=\"spacer.default\">\n\t\t\t\t<div class=\"elementor-widget-container\">\n\t\t\t\t\t\t\t<div class=\"elementor-spacer\">\n\t\t\t<div class=\"elementor-spacer-inner\"><\/div>\n\t\t<\/div>\n\t\t\t\t\t\t<\/div>\n\t\t\t\t<\/div>\n\t\t\t\t<div class=\"elementor-element elementor-element-88cdb7c elementor-widget-divider--view-line elementor-widget elementor-widget-divider\" data-id=\"88cdb7c\" data-element_type=\"widget\" data-widget_type=\"divider.default\">\n\t\t\t\t<div class=\"elementor-widget-container\">\n\t\t\t\t\t\t\t<div class=\"elementor-divider\">\n\t\t\t<span class=\"elementor-divider-separator\">\n\t\t\t\t\t\t<\/span>\n\t\t<\/div>\n\t\t\t\t\t\t<\/div>\n\t\t\t\t<\/div>\n\t\t\t\t<div class=\"elementor-element elementor-element-e8f50a9 elementor-widget elementor-widget-text-editor\" data-id=\"e8f50a9\" data-element_type=\"widget\" data-widget_type=\"text-editor.default\">\n\t\t\t\t<div class=\"elementor-widget-container\">\n\t\t\t\t\t\t\t\t\t<div class=\"wp-block-columns alignwide\">\n<div class=\"wp-block-column\">\n<p class=\"has-text-align-center\">We look forward to working with you. Send us an email with your resume to:<\/p>\n<!-- \/wp:paragraph --><\/div>\n<!-- \/wp:column --><\/div>\n<p><!-- \/wp:columns --><!-- wp:paragraph {\"align\":\"center\"} --><\/p>\n<p class=\"has-text-align-center\"><a href=\"mailto:administracion@sistemasgaitan.es\"><span>administracion@sistemasgaitan.es<\/span><\/a><\/p>\t\t\t\t\t\t\t\t<\/div>\n\t\t\t\t<\/div>\n\t\t\t\t<div class=\"elementor-element elementor-element-6654fe6 elementor-widget elementor-widget-spacer\" data-id=\"6654fe6\" data-element_type=\"widget\" data-widget_type=\"spacer.default\">\n\t\t\t\t<div class=\"elementor-widget-container\">\n\t\t\t\t\t\t\t<div class=\"elementor-spacer\">\n\t\t\t<div class=\"elementor-spacer-inner\"><\/div>\n\t\t<\/div>\n\t\t\t\t\t\t<\/div>\n\t\t\t\t<\/div>\n\t\t\t\t\t<\/div>\n\t\t<\/div>\n\t\t\t\t\t<\/div>\n\t\t<\/section>\n\t\t\t\t<section class=\"elementor-section elementor-top-section elementor-element elementor-element-8d16512 elementor-section-stretched elementor-section-boxed elementor-section-height-default elementor-section-height-default elementor-invisible\" data-id=\"8d16512\" data-element_type=\"section\" data-settings=\"{&quot;stretch_section&quot;:&quot;section-stretched&quot;,&quot;background_background&quot;:&quot;classic&quot;,&quot;animation&quot;:&quot;zoomIn&quot;}\">\n\t\t\t\t\t\t\t<div class=\"elementor-background-overlay\"><\/div>\n\t\t\t\t\t\t\t<div class=\"elementor-container elementor-column-gap-default\">\n\t\t\t\t\t<div class=\"elementor-column elementor-col-100 elementor-top-column elementor-element elementor-element-383afcf\" data-id=\"383afcf\" data-element_type=\"column\">\n\t\t\t<div class=\"elementor-widget-wrap elementor-element-populated\">\n\t\t\t\t\t\t<div class=\"elementor-element elementor-element-0800b08 elementor-widget elementor-widget-spacer\" data-id=\"0800b08\" data-element_type=\"widget\" data-widget_type=\"spacer.default\">\n\t\t\t\t<div class=\"elementor-widget-container\">\n\t\t\t\t\t\t\t<div class=\"elementor-spacer\">\n\t\t\t<div class=\"elementor-spacer-inner\"><\/div>\n\t\t<\/div>\n\t\t\t\t\t\t<\/div>\n\t\t\t\t<\/div>\n\t\t\t\t<div class=\"elementor-element elementor-element-54e7a36 elementor-widget elementor-widget-heading\" data-id=\"54e7a36\" data-element_type=\"widget\" data-widget_type=\"heading.default\">\n\t\t\t\t<div class=\"elementor-widget-container\">\n\t\t\t\t\t<h2 class=\"elementor-heading-title elementor-size-default\">Let us take care of everything<\/h2>\t\t\t\t<\/div>\n\t\t\t\t<\/div>\n\t\t\t\t<div class=\"elementor-element elementor-element-7f96862 elementor-align-center elementor-widget elementor-widget-button\" data-id=\"7f96862\" data-element_type=\"widget\" data-widget_type=\"button.default\">\n\t\t\t\t<div class=\"elementor-widget-container\">\n\t\t\t\t\t\t\t\t\t<div class=\"elementor-button-wrapper\">\n\t\t\t\t\t<a class=\"elementor-button elementor-button-link elementor-size-sm elementor-animation-bob\" href=\"https:\/\/manservi.es\/english\/contacto\/\">\n\t\t\t\t\t\t<span class=\"elementor-button-content-wrapper\">\n\t\t\t\t\t\t<span class=\"elementor-button-icon\">\n\t\t\t\t<i aria-hidden=\"true\" class=\"icon icon-contact\"><\/i>\t\t\t<\/span>\n\t\t\t\t\t\t\t\t\t<span class=\"elementor-button-text\">CONTACT US<\/span>\n\t\t\t\t\t<\/span>\n\t\t\t\t\t<\/a>\n\t\t\t\t<\/div>\n\t\t\t\t\t\t\t\t<\/div>\n\t\t\t\t<\/div>\n\t\t\t\t<div class=\"elementor-element elementor-element-72ff00b elementor-widget elementor-widget-spacer\" data-id=\"72ff00b\" data-element_type=\"widget\" data-widget_type=\"spacer.default\">\n\t\t\t\t<div class=\"elementor-widget-container\">\n\t\t\t\t\t\t\t<div class=\"elementor-spacer\">\n\t\t\t<div class=\"elementor-spacer-inner\"><\/div>\n\t\t<\/div>\n\t\t\t\t\t\t<\/div>\n\t\t\t\t<\/div>\n\t\t\t\t\t<\/div>\n\t\t<\/div>\n\t\t\t\t\t<\/div>\n\t\t<\/section>\n\t\t\t\t<section class=\"elementor-section elementor-top-section elementor-element elementor-element-da2c164 elementor-section-boxed elementor-section-height-default elementor-section-height-default\" data-id=\"da2c164\" data-element_type=\"section\">\n\t\t\t\t\t\t<div class=\"elementor-container elementor-column-gap-default\">\n\t\t\t\t\t<div class=\"elementor-column elementor-col-100 elementor-top-column elementor-element elementor-element-b2eb460\" data-id=\"b2eb460\" data-element_type=\"column\">\n\t\t\t<div class=\"elementor-widget-wrap elementor-element-populated\">\n\t\t\t\t\t\t<div class=\"elementor-element elementor-element-60e8fd4 elementor-shape-rounded elementor-grid-0 e-grid-align-center elementor-widget elementor-widget-social-icons\" data-id=\"60e8fd4\" data-element_type=\"widget\" data-widget_type=\"social-icons.default\">\n\t\t\t\t<div class=\"elementor-widget-container\">\n\t\t\t\t\t\t\t<div class=\"elementor-social-icons-wrapper elementor-grid\">\n\t\t\t\t\t\t\t<span class=\"elementor-grid-item\">\n\t\t\t\t\t<a class=\"elementor-icon elementor-social-icon elementor-social-icon-linkedin elementor-repeater-item-4f91ea4\" target=\"_blank\">\n\t\t\t\t\t\t<span class=\"elementor-screen-only\">LinkedIn<\/span>\n\t\t\t\t\t\t<i class=\"fab fa-linkedin\"><\/i>\t\t\t\t\t<\/a>\n\t\t\t\t<\/span>\n\t\t\t\t\t<\/div>\n\t\t\t\t\t\t<\/div>\n\t\t\t\t<\/div>\n\t\t\t\t\t<\/div>\n\t\t<\/div>\n\t\t\t\t\t<\/div>\n\t\t<\/section>\n\t\t\t\t<\/div>","protected":false},"excerpt":{"rendered":"<p>Nuestra Historia Manservi, S.L. fue fundada en 1988, ofreciendo soluciones de climatizaci\u00f3n y ventilaci\u00f3n, un sector emergente. Manservi pertenece al Grupo Sistemas Gaitan, y junto a \u00e9l, ha podido dar soporte a inumerables clientes en todas partes del mundo. Hoy podemos decir que somos pioneros en el sector, y que [&hellip;]<\/p>\n","protected":false},"author":1,"featured_media":1253,"parent":0,"menu_order":0,"comment_status":"closed","ping_status":"closed","template":"","meta":{"_monsterinsights_skip_tracking":false,"_monsterinsights_sitenote_active":false,"_monsterinsights_sitenote_note":"","_monsterinsights_sitenote_category":0,"footnotes":""},"yoast_head":"<!-- This site is optimized with the Yoast SEO plugin v23.5 - https:\/\/yoast.com\/wordpress\/plugins\/seo\/ -->\n<title>Manservi, S.L. - Trabaja con nosotros<\/title>\n<meta name=\"description\" content=\"En Manservi estamos en b\u00fasqueda constante de talento. Queremos que nos mandes tu CV y que formes parte de nuestro proyecto.\" \/>\n<meta name=\"robots\" content=\"index, follow, max-snippet:-1, max-image-preview:large, max-video-preview:-1\" \/>\n<link rel=\"canonical\" href=\"https:\/\/manservi.es\/english\/trabaja-con-nosotros\/\" \/>\n<meta property=\"og:locale\" content=\"en_US\" \/>\n<meta property=\"og:type\" content=\"article\" \/>\n<meta property=\"og:title\" content=\"Manservi, S.L. - Trabaja con nosotros\" \/>\n<meta property=\"og:description\" content=\"En Manservi estamos en b\u00fasqueda constante de talento. Queremos que nos mandes tu CV y que formes parte de nuestro proyecto.\" \/>\n<meta property=\"og:url\" content=\"https:\/\/manservi.es\/english\/trabaja-con-nosotros\/\" \/>\n<meta property=\"og:site_name\" content=\"Manservi\" \/>\n<meta property=\"article:modified_time\" content=\"2022-05-03T07:16:22+00:00\" \/>\n<meta property=\"og:image\" content=\"https:\/\/manservi.es\/wp-content\/uploads\/2022\/01\/eae50-teamwork-3213924-edited.jpg\" \/>\n\t<meta property=\"og:image:width\" content=\"2349\" \/>\n\t<meta property=\"og:image:height\" content=\"1321\" \/>\n\t<meta property=\"og:image:type\" content=\"image\/jpeg\" \/>\n<meta name=\"twitter:card\" content=\"summary_large_image\" \/>\n<meta name=\"twitter:label1\" content=\"Est. reading time\" \/>\n\t<meta name=\"twitter:data1\" content=\"1 minute\" \/>\n<script type=\"application\/ld+json\" class=\"yoast-schema-graph\">{\"@context\":\"https:\/\/schema.org\",\"@graph\":[{\"@type\":\"WebPage\",\"@id\":\"https:\/\/manservi.es\/trabaja-con-nosotros\/\",\"url\":\"https:\/\/manservi.es\/trabaja-con-nosotros\/\",\"name\":\"Manservi, S.L. - Trabaja con nosotros\",\"isPartOf\":{\"@id\":\"https:\/\/manservi.es\/#website\"},\"primaryImageOfPage\":{\"@id\":\"https:\/\/manservi.es\/trabaja-con-nosotros\/#primaryimage\"},\"image\":{\"@id\":\"https:\/\/manservi.es\/trabaja-con-nosotros\/#primaryimage\"},\"thumbnailUrl\":\"https:\/\/manservi.es\/wp-content\/uploads\/2022\/01\/eae50-teamwork-3213924-edited.jpg\",\"datePublished\":\"2021-10-01T07:25:28+00:00\",\"dateModified\":\"2022-05-03T07:16:22+00:00\",\"description\":\"En Manservi estamos en b\u00fasqueda constante de talento. Queremos que nos mandes tu CV y que formes parte de nuestro proyecto.\",\"breadcrumb\":{\"@id\":\"https:\/\/manservi.es\/trabaja-con-nosotros\/#breadcrumb\"},\"inLanguage\":\"en-US\",\"potentialAction\":[{\"@type\":\"ReadAction\",\"target\":[\"https:\/\/manservi.es\/trabaja-con-nosotros\/\"]}]},{\"@type\":\"ImageObject\",\"inLanguage\":\"en-US\",\"@id\":\"https:\/\/manservi.es\/trabaja-con-nosotros\/#primaryimage\",\"url\":\"https:\/\/manservi.es\/wp-content\/uploads\/2022\/01\/eae50-teamwork-3213924-edited.jpg\",\"contentUrl\":\"https:\/\/manservi.es\/wp-content\/uploads\/2022\/01\/eae50-teamwork-3213924-edited.jpg\",\"width\":2349,\"height\":1321},{\"@type\":\"BreadcrumbList\",\"@id\":\"https:\/\/manservi.es\/trabaja-con-nosotros\/#breadcrumb\",\"itemListElement\":[{\"@type\":\"ListItem\",\"position\":1,\"name\":\"Portada\",\"item\":\"https:\/\/manservi.es\/\"},{\"@type\":\"ListItem\",\"position\":2,\"name\":\"Trabaja con nosotros\"}]},{\"@type\":\"WebSite\",\"@id\":\"https:\/\/manservi.es\/#website\",\"url\":\"https:\/\/manservi.es\/\",\"name\":\"Manservi\",\"description\":\"Compa\u00f1\u00eda l\u00edder del sector de la climatizaci\u00f3n y fotovoltaica.\",\"publisher\":{\"@id\":\"https:\/\/manservi.es\/#organization\"},\"potentialAction\":[{\"@type\":\"SearchAction\",\"target\":{\"@type\":\"EntryPoint\",\"urlTemplate\":\"https:\/\/manservi.es\/?s={search_term_string}\"},\"query-input\":{\"@type\":\"PropertyValueSpecification\",\"valueRequired\":true,\"valueName\":\"search_term_string\"}}],\"inLanguage\":\"en-US\"},{\"@type\":\"Organization\",\"@id\":\"https:\/\/manservi.es\/#organization\",\"name\":\"Manservi, S.L.\",\"url\":\"https:\/\/manservi.es\/\",\"logo\":{\"@type\":\"ImageObject\",\"inLanguage\":\"en-US\",\"@id\":\"https:\/\/manservi.es\/#\/schema\/logo\/image\/\",\"url\":\"https:\/\/manservi.es\/wp-content\/uploads\/2022\/01\/logotipo_manservi_RGB-1.jpg\",\"contentUrl\":\"https:\/\/manservi.es\/wp-content\/uploads\/2022\/01\/logotipo_manservi_RGB-1.jpg\",\"width\":1783,\"height\":786,\"caption\":\"Manservi, S.L.\"},\"image\":{\"@id\":\"https:\/\/manservi.es\/#\/schema\/logo\/image\/\"}}]}<\/script>\n<!-- \/ Yoast SEO plugin. -->","yoast_head_json":{"title":"Manservi, S.L. - Trabaja con nosotros","description":"En Manservi estamos en b\u00fasqueda constante de talento. Queremos que nos mandes tu CV y que formes parte de nuestro proyecto.","robots":{"index":"index","follow":"follow","max-snippet":"max-snippet:-1","max-image-preview":"max-image-preview:large","max-video-preview":"max-video-preview:-1"},"canonical":"https:\/\/manservi.es\/english\/trabaja-con-nosotros\/","og_locale":"en_US","og_type":"article","og_title":"Manservi, S.L. - Trabaja con nosotros","og_description":"En Manservi estamos en b\u00fasqueda constante de talento. Queremos que nos mandes tu CV y que formes parte de nuestro proyecto.","og_url":"https:\/\/manservi.es\/english\/trabaja-con-nosotros\/","og_site_name":"Manservi","article_modified_time":"2022-05-03T07:16:22+00:00","og_image":[{"width":2349,"height":1321,"url":"https:\/\/manservi.es\/wp-content\/uploads\/2022\/01\/eae50-teamwork-3213924-edited.jpg","type":"image\/jpeg"}],"twitter_card":"summary_large_image","twitter_misc":{"Est. reading time":"1 minute"},"schema":{"@context":"https:\/\/schema.org","@graph":[{"@type":"WebPage","@id":"https:\/\/manservi.es\/trabaja-con-nosotros\/","url":"https:\/\/manservi.es\/trabaja-con-nosotros\/","name":"Manservi, S.L. - Trabaja con nosotros","isPartOf":{"@id":"https:\/\/manservi.es\/#website"},"primaryImageOfPage":{"@id":"https:\/\/manservi.es\/trabaja-con-nosotros\/#primaryimage"},"image":{"@id":"https:\/\/manservi.es\/trabaja-con-nosotros\/#primaryimage"},"thumbnailUrl":"https:\/\/manservi.es\/wp-content\/uploads\/2022\/01\/eae50-teamwork-3213924-edited.jpg","datePublished":"2021-10-01T07:25:28+00:00","dateModified":"2022-05-03T07:16:22+00:00","description":"En Manservi estamos en b\u00fasqueda constante de talento. Queremos que nos mandes tu CV y que formes parte de nuestro proyecto.","breadcrumb":{"@id":"https:\/\/manservi.es\/trabaja-con-nosotros\/#breadcrumb"},"inLanguage":"en-US","potentialAction":[{"@type":"ReadAction","target":["https:\/\/manservi.es\/trabaja-con-nosotros\/"]}]},{"@type":"ImageObject","inLanguage":"en-US","@id":"https:\/\/manservi.es\/trabaja-con-nosotros\/#primaryimage","url":"https:\/\/manservi.es\/wp-content\/uploads\/2022\/01\/eae50-teamwork-3213924-edited.jpg","contentUrl":"https:\/\/manservi.es\/wp-content\/uploads\/2022\/01\/eae50-teamwork-3213924-edited.jpg","width":2349,"height":1321},{"@type":"BreadcrumbList","@id":"https:\/\/manservi.es\/trabaja-con-nosotros\/#breadcrumb","itemListElement":[{"@type":"ListItem","position":1,"name":"Portada","item":"https:\/\/manservi.es\/"},{"@type":"ListItem","position":2,"name":"Trabaja con nosotros"}]},{"@type":"WebSite","@id":"https:\/\/manservi.es\/#website","url":"https:\/\/manservi.es\/","name":"Manservi","description":"Compa\u00f1\u00eda l\u00edder del sector de la climatizaci\u00f3n y fotovoltaica.","publisher":{"@id":"https:\/\/manservi.es\/#organization"},"potentialAction":[{"@type":"SearchAction","target":{"@type":"EntryPoint","urlTemplate":"https:\/\/manservi.es\/?s={search_term_string}"},"query-input":{"@type":"PropertyValueSpecification","valueRequired":true,"valueName":"search_term_string"}}],"inLanguage":"en-US"},{"@type":"Organization","@id":"https:\/\/manservi.es\/#organization","name":"Manservi, S.L.","url":"https:\/\/manservi.es\/","logo":{"@type":"ImageObject","inLanguage":"en-US","@id":"https:\/\/manservi.es\/#\/schema\/logo\/image\/","url":"https:\/\/manservi.es\/wp-content\/uploads\/2022\/01\/logotipo_manservi_RGB-1.jpg","contentUrl":"https:\/\/manservi.es\/wp-content\/uploads\/2022\/01\/logotipo_manservi_RGB-1.jpg","width":1783,"height":786,"caption":"Manservi, S.L."},"image":{"@id":"https:\/\/manservi.es\/#\/schema\/logo\/image\/"}}]}},"_links":{"self":[{"href":"https:\/\/manservi.es\/english\/wp-json\/wp\/v2\/pages\/286"}],"collection":[{"href":"https:\/\/manservi.es\/english\/wp-json\/wp\/v2\/pages"}],"about":[{"href":"https:\/\/manservi.es\/english\/wp-json\/wp\/v2\/types\/page"}],"author":[{"embeddable":true,"href":"https:\/\/manservi.es\/english\/wp-json\/wp\/v2\/users\/1"}],"replies":[{"embeddable":true,"href":"https:\/\/manservi.es\/english\/wp-json\/wp\/v2\/comments?post=286"}],"version-history":[{"count":14,"href":"https:\/\/manservi.es\/english\/wp-json\/wp\/v2\/pages\/286\/revisions"}],"predecessor-version":[{"id":2003,"href":"https:\/\/manservi.es\/english\/wp-json\/wp\/v2\/pages\/286\/revisions\/2003"}],"wp:featuredmedia":[{"embeddable":true,"href":"https:\/\/manservi.es\/english\/wp-json\/wp\/v2\/media\/1253"}],"wp:attachment":[{"href":"https:\/\/manservi.es\/english\/wp-json\/wp\/v2\/media?parent=286"}],"curies":[{"name":"wp","href":"https:\/\/api.w.org\/{rel}","templated":true}]}}