{"id":1034,"date":"2021-11-16T13:17:08","date_gmt":"2021-11-16T12:17:08","guid":{"rendered":"https:\/\/manservi711302395.wordpress.com\/?page_id=1034"},"modified":"2022-05-23T09:01:43","modified_gmt":"2022-05-23T09:01:43","slug":"servicios","status":"publish","type":"page","link":"https:\/\/manservi.es\/english\/servicios\/","title":{"rendered":"Services"},"content":{"rendered":"<div data-elementor-type=\"wp-page\" data-elementor-id=\"1034\" class=\"elementor elementor-1034\">\n\t\t\t\t\t\t<section class=\"elementor-section elementor-top-section elementor-element elementor-element-e0a4fef elementor-section-boxed elementor-section-height-default elementor-section-height-default\" data-id=\"e0a4fef\" data-element_type=\"section\">\n\t\t\t\t\t\t<div class=\"elementor-container elementor-column-gap-default\">\n\t\t\t\t\t<div class=\"elementor-column elementor-col-100 elementor-top-column elementor-element elementor-element-8f85bf7\" data-id=\"8f85bf7\" data-element_type=\"column\">\n\t\t\t<div class=\"elementor-widget-wrap elementor-element-populated\">\n\t\t\t\t\t\t<div class=\"elementor-element elementor-element-d6f38df elementor-invisible elementor-widget elementor-widget-elementskit-heading\" data-id=\"d6f38df\" data-element_type=\"widget\" data-settings=\"{&quot;_animation&quot;:&quot;fadeIn&quot;}\" data-widget_type=\"elementskit-heading.default\">\n\t\t\t\t<div class=\"elementor-widget-container\">\n\t\t\t\t\t<div class=\"ekit-wid-con\" ><div class=\"ekit-heading elementskit-section-title-wraper center   ekit_heading_tablet-   ekit_heading_mobile-\"><h2 class=\"ekit-heading--title elementskit-section-title\">Estamos a su disposici\u00f3n<\/h2>\t\t\t\t<div class='ekit-heading__description'>\n\t\t\t\t\t<p>Descubra nuestras \u00e1reas de pr\u00e1ctica<\/p>\n\t\t\t\t<\/div>\n\t\t\t<div class=\"ekit_heading_separetor_wraper ekit_heading_elementskit-border-divider ekit-dotted\"><div class=\"elementskit-border-divider ekit-dotted\"><\/div><\/div><\/div><\/div>\t\t\t\t<\/div>\n\t\t\t\t<\/div>\n\t\t\t\t<div class=\"elementor-element elementor-element-7b998b9 elementor-widget elementor-widget-spacer\" data-id=\"7b998b9\" data-element_type=\"widget\" data-widget_type=\"spacer.default\">\n\t\t\t\t<div class=\"elementor-widget-container\">\n\t\t\t\t\t\t\t<div class=\"elementor-spacer\">\n\t\t\t<div class=\"elementor-spacer-inner\"><\/div>\n\t\t<\/div>\n\t\t\t\t\t\t<\/div>\n\t\t\t\t<\/div>\n\t\t\t\t\t<\/div>\n\t\t<\/div>\n\t\t\t\t\t<\/div>\n\t\t<\/section>\n\t\t\t\t<section class=\"elementor-section elementor-top-section elementor-element elementor-element-a27f69b elementor-section-stretched elementor-section-boxed elementor-section-height-default elementor-section-height-default\" data-id=\"a27f69b\" data-element_type=\"section\" data-settings=\"{&quot;stretch_section&quot;:&quot;section-stretched&quot;,&quot;background_background&quot;:&quot;classic&quot;}\">\n\t\t\t\t\t\t<div class=\"elementor-container elementor-column-gap-custom\">\n\t\t\t\t\t<div class=\"elementor-column elementor-col-100 elementor-top-column elementor-element elementor-element-e1fc440\" data-id=\"e1fc440\" data-element_type=\"column\">\n\t\t\t<div class=\"elementor-widget-wrap elementor-element-populated\">\n\t\t\t\t\t\t<div class=\"elementor-element elementor-element-1aaf475 ekit-image-accordion-hover ekit-image-accordion-mobile-vertical ekit-image-accordion-horizontal elementor-invisible elementor-widget elementor-widget-elementskit-image-accordion\" data-id=\"1aaf475\" data-element_type=\"widget\" data-settings=\"{&quot;_animation&quot;:&quot;fadeInUp&quot;}\" data-widget_type=\"elementskit-image-accordion.default\">\n\t\t\t\t<div class=\"elementor-widget-container\">\n\t\t\t\t\t<div class=\"ekit-wid-con\" >\t\t<div class=\"ekit-image-accordion elementskit-image-accordion-wraper\">\n\t\t\t                <input type=\"radio\" name=\"ekit_ia_1aaf475\" id=\"ekit_ia_1aaf475_0\" class=\"elementskit-single-image-accordion--input\" hidden>\n                <label for=\"ekit_ia_1aaf475_0\" class=\"elementskit-single-image-accordion ekit-image-accordion-item\" style=\"background-image: url(https:\/\/manservi.es\/wp-content\/uploads\/2022\/01\/pexels-mehmet-suat-3252051-scaled-1.jpg)\">\n                    <span class=\"elementskit-accordion-content\">\n\t\t\t\t\t\t\t\t\t\t\t\t\t<span class=\"elementskit-accordion-title-wraper\">\n\t\t\t\t\t\t\t\t<span class=\"elementskit-accordion-title\">\n\t\t\t\t\t\t\t\t\n\t\t\t\t\t\t\t\tCommercial Solutions\n\t\t\t\t\t\t\t\t\t\t\t\t\t\t\t\t<\/span>\n\t\t\t\t\t\t\t<\/span>\n\t\t\t\t\t\t\t\t\t\t\t\t\t\t<span class=\"elementskit-btn-wraper\">\n\t\t\t\t\t\t\t\t<a class=\"ekit-image-accordion--btn elementskit-btn whitespace--normal\" href=\"https:\/\/manservi.es\/english\/comercial\/\">\n\t\t\t\t\t\t\t\t\tRead More\t\t\t\t\t\t\t\t<\/a>\n\t\t\t\t\t\t\t<\/span>\n\t\t\t\t\t\t                    <\/span>\n                <\/label>\n                            <input type=\"radio\" name=\"ekit_ia_1aaf475\" id=\"ekit_ia_1aaf475_1\" class=\"elementskit-single-image-accordion--input\" hidden>\n                <label for=\"ekit_ia_1aaf475_1\" class=\"elementskit-single-image-accordion ekit-image-accordion-item\" style=\"background-image: url(https:\/\/manservi.es\/wp-content\/uploads\/2022\/01\/house-5148865.jpg)\">\n                    <span class=\"elementskit-accordion-content\">\n\t\t\t\t\t\t\t\t\t\t\t\t\t<span class=\"elementskit-accordion-title-wraper\">\n\t\t\t\t\t\t\t\t<span class=\"elementskit-accordion-title\">\n\t\t\t\t\t\t\t\t\n\t\t\t\t\t\t\t\tConstruction\n\t\t\t\t\t\t\t\t\t\t\t\t\t\t\t\t<\/span>\n\t\t\t\t\t\t\t<\/span>\n\t\t\t\t\t\t\t\t\t\t\t\t\t\t<span class=\"elementskit-btn-wraper\">\n\t\t\t\t\t\t\t\t<a class=\"ekit-image-accordion--btn elementskit-btn whitespace--normal\" href=\"https:\/\/manservi.es\/english\/edificios\/\">\n\t\t\t\t\t\t\t\t\tRead More\t\t\t\t\t\t\t\t<\/a>\n\t\t\t\t\t\t\t<\/span>\n\t\t\t\t\t\t                    <\/span>\n                <\/label>\n                            <input type=\"radio\" name=\"ekit_ia_1aaf475\" id=\"ekit_ia_1aaf475_2\" class=\"elementskit-single-image-accordion--input\" hidden>\n                <label for=\"ekit_ia_1aaf475_2\" class=\"elementskit-single-image-accordion ekit-image-accordion-item\" style=\"background-image: url(https:\/\/manservi.es\/wp-content\/uploads\/2022\/01\/air-conditioner-gfccc639a7_1920.jpg)\">\n                    <span class=\"elementskit-accordion-content\">\n\t\t\t\t\t\t\t\t\t\t\t\t\t<span class=\"elementskit-accordion-title-wraper\">\n\t\t\t\t\t\t\t\t<span class=\"elementskit-accordion-title\">\n\t\t\t\t\t\t\t\t\n\t\t\t\t\t\t\t\tIndustrial Solutions\n\t\t\t\t\t\t\t\t\t\t\t\t\t\t\t\t<\/span>\n\t\t\t\t\t\t\t<\/span>\n\t\t\t\t\t\t\t\t\t\t\t\t\t\t<span class=\"elementskit-btn-wraper\">\n\t\t\t\t\t\t\t\t<a class=\"ekit-image-accordion--btn elementskit-btn whitespace--normal\" href=\"https:\/\/manservi.es\/english\/industrial\/\">\n\t\t\t\t\t\t\t\t\tRead More\t\t\t\t\t\t\t\t<\/a>\n\t\t\t\t\t\t\t<\/span>\n\t\t\t\t\t\t                    <\/span>\n                <\/label>\n                            <input type=\"radio\" name=\"ekit_ia_1aaf475\" id=\"ekit_ia_1aaf475_3\" class=\"elementskit-single-image-accordion--input\" hidden>\n                <label for=\"ekit_ia_1aaf475_3\" class=\"elementskit-single-image-accordion ekit-image-accordion-item\" style=\"background-image: url(https:\/\/manservi.es\/wp-content\/uploads\/2022\/01\/living-room-g060077f00_1920.jpg)\">\n                    <span class=\"elementskit-accordion-content\">\n\t\t\t\t\t\t\t\t\t\t\t\t\t<span class=\"elementskit-accordion-title-wraper\">\n\t\t\t\t\t\t\t\t<span class=\"elementskit-accordion-title\">\n\t\t\t\t\t\t\t\t\n\t\t\t\t\t\t\t\tResidential Solutions\n\t\t\t\t\t\t\t\t\t\t\t\t\t\t\t\t<\/span>\n\t\t\t\t\t\t\t<\/span>\n\t\t\t\t\t\t\t\t\t\t\t\t\t\t<span class=\"elementskit-btn-wraper\">\n\t\t\t\t\t\t\t\t<a class=\"ekit-image-accordion--btn elementskit-btn whitespace--normal\" href=\"https:\/\/manservi.es\/english\/domestico\/\">\n\t\t\t\t\t\t\t\t\tRead More\t\t\t\t\t\t\t\t<\/a>\n\t\t\t\t\t\t\t<\/span>\n\t\t\t\t\t\t                    <\/span>\n                <\/label>\n                            <input type=\"radio\" name=\"ekit_ia_1aaf475\" id=\"ekit_ia_1aaf475_4\" class=\"elementskit-single-image-accordion--input\" hidden>\n                <label for=\"ekit_ia_1aaf475_4\" class=\"elementskit-single-image-accordion ekit-image-accordion-item\" style=\"background-image: url(https:\/\/manservi.es\/wp-content\/uploads\/2022\/05\/alternative-g649005485_1920.webp)\">\n                    <span class=\"elementskit-accordion-content\">\n\t\t\t\t\t\t\t\t\t\t\t\t\t<span class=\"elementskit-accordion-title-wraper\">\n\t\t\t\t\t\t\t\t<span class=\"elementskit-accordion-title\">\n\t\t\t\t\t\t\t\t\n\t\t\t\t\t\t\t\tPhotovoltaics\n\t\t\t\t\t\t\t\t\t\t\t\t\t\t\t\t<\/span>\n\t\t\t\t\t\t\t<\/span>\n\t\t\t\t\t\t\t\t\t\t\t\t\t\t<span class=\"elementskit-btn-wraper\">\n\t\t\t\t\t\t\t\t<a class=\"ekit-image-accordion--btn elementskit-btn whitespace--normal\" href=\"https:\/\/manservi.es\/english\/fotovoltaica\/\">\n\t\t\t\t\t\t\t\t\tRead More\t\t\t\t\t\t\t\t<\/a>\n\t\t\t\t\t\t\t<\/span>\n\t\t\t\t\t\t                    <\/span>\n                <\/label>\n                    <\/div>\n    <\/div>\t\t\t\t<\/div>\n\t\t\t\t<\/div>\n\t\t\t\t\t<\/div>\n\t\t<\/div>\n\t\t\t\t\t<\/div>\n\t\t<\/section>\n\t\t\t\t<section class=\"elementor-section elementor-top-section elementor-element elementor-element-3b74c99 elementor-section-stretched elementor-section-boxed elementor-section-height-default elementor-section-height-default elementor-invisible\" data-id=\"3b74c99\" data-element_type=\"section\" data-settings=\"{&quot;stretch_section&quot;:&quot;section-stretched&quot;,&quot;background_background&quot;:&quot;classic&quot;,&quot;animation&quot;:&quot;zoomIn&quot;}\">\n\t\t\t\t\t\t\t<div class=\"elementor-background-overlay\"><\/div>\n\t\t\t\t\t\t\t<div class=\"elementor-container elementor-column-gap-default\">\n\t\t\t\t\t<div class=\"elementor-column elementor-col-100 elementor-top-column elementor-element elementor-element-8e87eb5\" data-id=\"8e87eb5\" data-element_type=\"column\">\n\t\t\t<div class=\"elementor-widget-wrap elementor-element-populated\">\n\t\t\t\t\t\t<div class=\"elementor-element elementor-element-901b1b2 elementor-widget elementor-widget-spacer\" data-id=\"901b1b2\" data-element_type=\"widget\" data-widget_type=\"spacer.default\">\n\t\t\t\t<div class=\"elementor-widget-container\">\n\t\t\t\t\t\t\t<div class=\"elementor-spacer\">\n\t\t\t<div class=\"elementor-spacer-inner\"><\/div>\n\t\t<\/div>\n\t\t\t\t\t\t<\/div>\n\t\t\t\t<\/div>\n\t\t\t\t<div class=\"elementor-element elementor-element-9caaceb elementor-widget elementor-widget-heading\" data-id=\"9caaceb\" data-element_type=\"widget\" data-widget_type=\"heading.default\">\n\t\t\t\t<div class=\"elementor-widget-container\">\n\t\t\t\t\t<h2 class=\"elementor-heading-title elementor-size-default\">Let us take care of everything<\/h2>\t\t\t\t<\/div>\n\t\t\t\t<\/div>\n\t\t\t\t<div class=\"elementor-element elementor-element-83e99e1 elementor-align-center elementor-widget elementor-widget-button\" data-id=\"83e99e1\" data-element_type=\"widget\" data-widget_type=\"button.default\">\n\t\t\t\t<div class=\"elementor-widget-container\">\n\t\t\t\t\t\t\t\t\t<div class=\"elementor-button-wrapper\">\n\t\t\t\t\t<a class=\"elementor-button elementor-button-link elementor-size-sm elementor-animation-bob\" href=\"https:\/\/manservi.es\/english\/contacto\/\">\n\t\t\t\t\t\t<span class=\"elementor-button-content-wrapper\">\n\t\t\t\t\t\t<span class=\"elementor-button-icon\">\n\t\t\t\t<i aria-hidden=\"true\" class=\"icon icon-contact\"><\/i>\t\t\t<\/span>\n\t\t\t\t\t\t\t\t\t<span class=\"elementor-button-text\">CONTACT US<\/span>\n\t\t\t\t\t<\/span>\n\t\t\t\t\t<\/a>\n\t\t\t\t<\/div>\n\t\t\t\t\t\t\t\t<\/div>\n\t\t\t\t<\/div>\n\t\t\t\t<div class=\"elementor-element elementor-element-91d9352 elementor-widget elementor-widget-spacer\" data-id=\"91d9352\" data-element_type=\"widget\" data-widget_type=\"spacer.default\">\n\t\t\t\t<div class=\"elementor-widget-container\">\n\t\t\t\t\t\t\t<div class=\"elementor-spacer\">\n\t\t\t<div class=\"elementor-spacer-inner\"><\/div>\n\t\t<\/div>\n\t\t\t\t\t\t<\/div>\n\t\t\t\t<\/div>\n\t\t\t\t\t<\/div>\n\t\t<\/div>\n\t\t\t\t\t<\/div>\n\t\t<\/section>\n\t\t\t\t<section class=\"elementor-section elementor-top-section elementor-element elementor-element-06260bc elementor-section-boxed elementor-section-height-default elementor-section-height-default\" data-id=\"06260bc\" data-element_type=\"section\">\n\t\t\t\t\t\t<div class=\"elementor-container elementor-column-gap-default\">\n\t\t\t\t\t<div class=\"elementor-column elementor-col-100 elementor-top-column elementor-element elementor-element-bf675ec\" data-id=\"bf675ec\" data-element_type=\"column\">\n\t\t\t<div class=\"elementor-widget-wrap elementor-element-populated\">\n\t\t\t\t\t\t<div class=\"elementor-element elementor-element-b8512db elementor-shape-rounded elementor-grid-0 e-grid-align-center elementor-widget elementor-widget-social-icons\" data-id=\"b8512db\" data-element_type=\"widget\" data-widget_type=\"social-icons.default\">\n\t\t\t\t<div class=\"elementor-widget-container\">\n\t\t\t\t\t\t\t<div class=\"elementor-social-icons-wrapper elementor-grid\">\n\t\t\t\t\t\t\t<span class=\"elementor-grid-item\">\n\t\t\t\t\t<a class=\"elementor-icon elementor-social-icon elementor-social-icon-linkedin elementor-repeater-item-4f91ea4\" target=\"_blank\">\n\t\t\t\t\t\t<span class=\"elementor-screen-only\">LinkedIn<\/span>\n\t\t\t\t\t\t<i class=\"fab fa-linkedin\"><\/i>\t\t\t\t\t<\/a>\n\t\t\t\t<\/span>\n\t\t\t\t\t<\/div>\n\t\t\t\t\t\t<\/div>\n\t\t\t\t<\/div>\n\t\t\t\t\t<\/div>\n\t\t<\/div>\n\t\t\t\t\t<\/div>\n\t\t<\/section>\n\t\t\t\t<\/div>","protected":false},"excerpt":{"rendered":"<p>Estamos a su disposici\u00f3n Descubra nuestras \u00e1reas de pr\u00e1ctica Comercial Informaci\u00f3n Edificios Informaci\u00f3n Industrial Read More Dom\u00e9stico Informaci\u00f3n Fotovoltaica Informaci\u00f3n Deje que nos encarguemos de todo CONTACTA Linkedin<\/p>","protected":false},"author":1,"featured_media":1803,"parent":0,"menu_order":0,"comment_status":"closed","ping_status":"closed","template":"","meta":{"_monsterinsights_skip_tracking":false,"_monsterinsights_sitenote_active":false,"_monsterinsights_sitenote_note":"","_monsterinsights_sitenote_category":0,"footnotes":""},"yoast_head":"<!-- This site is optimized with the Yoast SEO plugin v23.5 - https:\/\/yoast.com\/wordpress\/plugins\/seo\/ -->\n<title>Manservi, S.L. - Servicios<\/title>\n<meta name=\"description\" content=\"Eche un vistazo a todas las \u00e1reas de pr\u00e1ctica de Manservi. Estamos para servirle en lo que necesite, cont\u00e1ctenos sin compromiso.\" \/>\n<meta name=\"robots\" content=\"index, follow, max-snippet:-1, max-image-preview:large, max-video-preview:-1\" \/>\n<link rel=\"canonical\" href=\"https:\/\/manservi.es\/english\/servicios\/\" \/>\n<meta property=\"og:locale\" content=\"en_US\" \/>\n<meta property=\"og:type\" content=\"article\" \/>\n<meta property=\"og:title\" content=\"Manservi, S.L. - Servicios\" \/>\n<meta property=\"og:description\" content=\"Eche un vistazo a todas las \u00e1reas de pr\u00e1ctica de Manservi. Estamos para servirle en lo que necesite, cont\u00e1ctenos sin compromiso.\" \/>\n<meta property=\"og:url\" content=\"https:\/\/manservi.es\/english\/servicios\/\" \/>\n<meta property=\"og:site_name\" content=\"Manservi\" \/>\n<meta property=\"article:modified_time\" content=\"2022-05-23T09:01:43+00:00\" \/>\n<meta property=\"og:image\" content=\"https:\/\/manservi.es\/wp-content\/uploads\/2022\/02\/Cabecera-Servicios-scaled.webp\" \/>\n\t<meta property=\"og:image:width\" content=\"2560\" \/>\n\t<meta property=\"og:image:height\" content=\"1707\" \/>\n\t<meta property=\"og:image:type\" content=\"image\/webp\" \/>\n<meta name=\"twitter:card\" content=\"summary_large_image\" \/>\n<meta name=\"twitter:label1\" content=\"Est. reading time\" \/>\n\t<meta name=\"twitter:data1\" content=\"1 minute\" \/>\n<script type=\"application\/ld+json\" class=\"yoast-schema-graph\">{\"@context\":\"https:\/\/schema.org\",\"@graph\":[{\"@type\":\"WebPage\",\"@id\":\"https:\/\/manservi.es\/servicios\/\",\"url\":\"https:\/\/manservi.es\/servicios\/\",\"name\":\"Manservi, S.L. - Servicios\",\"isPartOf\":{\"@id\":\"https:\/\/manservi.es\/#website\"},\"primaryImageOfPage\":{\"@id\":\"https:\/\/manservi.es\/servicios\/#primaryimage\"},\"image\":{\"@id\":\"https:\/\/manservi.es\/servicios\/#primaryimage\"},\"thumbnailUrl\":\"https:\/\/manservi.es\/wp-content\/uploads\/2022\/02\/Cabecera-Servicios-scaled.webp\",\"datePublished\":\"2021-11-16T12:17:08+00:00\",\"dateModified\":\"2022-05-23T09:01:43+00:00\",\"description\":\"Eche un vistazo a todas las \u00e1reas de pr\u00e1ctica de Manservi. Estamos para servirle en lo que necesite, cont\u00e1ctenos sin compromiso.\",\"breadcrumb\":{\"@id\":\"https:\/\/manservi.es\/servicios\/#breadcrumb\"},\"inLanguage\":\"en-US\",\"potentialAction\":[{\"@type\":\"ReadAction\",\"target\":[\"https:\/\/manservi.es\/servicios\/\"]}]},{\"@type\":\"ImageObject\",\"inLanguage\":\"en-US\",\"@id\":\"https:\/\/manservi.es\/servicios\/#primaryimage\",\"url\":\"https:\/\/manservi.es\/wp-content\/uploads\/2022\/02\/Cabecera-Servicios-scaled.webp\",\"contentUrl\":\"https:\/\/manservi.es\/wp-content\/uploads\/2022\/02\/Cabecera-Servicios-scaled.webp\",\"width\":2560,\"height\":1707},{\"@type\":\"BreadcrumbList\",\"@id\":\"https:\/\/manservi.es\/servicios\/#breadcrumb\",\"itemListElement\":[{\"@type\":\"ListItem\",\"position\":1,\"name\":\"Portada\",\"item\":\"https:\/\/manservi.es\/\"},{\"@type\":\"ListItem\",\"position\":2,\"name\":\"Servicios\"}]},{\"@type\":\"WebSite\",\"@id\":\"https:\/\/manservi.es\/#website\",\"url\":\"https:\/\/manservi.es\/\",\"name\":\"Manservi\",\"description\":\"Compa\u00f1\u00eda l\u00edder del sector de la climatizaci\u00f3n y fotovoltaica.\",\"publisher\":{\"@id\":\"https:\/\/manservi.es\/#organization\"},\"potentialAction\":[{\"@type\":\"SearchAction\",\"target\":{\"@type\":\"EntryPoint\",\"urlTemplate\":\"https:\/\/manservi.es\/?s={search_term_string}\"},\"query-input\":{\"@type\":\"PropertyValueSpecification\",\"valueRequired\":true,\"valueName\":\"search_term_string\"}}],\"inLanguage\":\"en-US\"},{\"@type\":\"Organization\",\"@id\":\"https:\/\/manservi.es\/#organization\",\"name\":\"Manservi, S.L.\",\"url\":\"https:\/\/manservi.es\/\",\"logo\":{\"@type\":\"ImageObject\",\"inLanguage\":\"en-US\",\"@id\":\"https:\/\/manservi.es\/#\/schema\/logo\/image\/\",\"url\":\"https:\/\/manservi.es\/wp-content\/uploads\/2022\/01\/logotipo_manservi_RGB-1.jpg\",\"contentUrl\":\"https:\/\/manservi.es\/wp-content\/uploads\/2022\/01\/logotipo_manservi_RGB-1.jpg\",\"width\":1783,\"height\":786,\"caption\":\"Manservi, S.L.\"},\"image\":{\"@id\":\"https:\/\/manservi.es\/#\/schema\/logo\/image\/\"}}]}<\/script>\n<!-- \/ Yoast SEO plugin. -->","yoast_head_json":{"title":"Manservi, S.L. - Servicios","description":"Eche un vistazo a todas las \u00e1reas de pr\u00e1ctica de Manservi. Estamos para servirle en lo que necesite, cont\u00e1ctenos sin compromiso.","robots":{"index":"index","follow":"follow","max-snippet":"max-snippet:-1","max-image-preview":"max-image-preview:large","max-video-preview":"max-video-preview:-1"},"canonical":"https:\/\/manservi.es\/english\/servicios\/","og_locale":"en_US","og_type":"article","og_title":"Manservi, S.L. - Servicios","og_description":"Eche un vistazo a todas las \u00e1reas de pr\u00e1ctica de Manservi. Estamos para servirle en lo que necesite, cont\u00e1ctenos sin compromiso.","og_url":"https:\/\/manservi.es\/english\/servicios\/","og_site_name":"Manservi","article_modified_time":"2022-05-23T09:01:43+00:00","og_image":[{"width":2560,"height":1707,"url":"https:\/\/manservi.es\/wp-content\/uploads\/2022\/02\/Cabecera-Servicios-scaled.webp","type":"image\/webp"}],"twitter_card":"summary_large_image","twitter_misc":{"Est. reading time":"1 minute"},"schema":{"@context":"https:\/\/schema.org","@graph":[{"@type":"WebPage","@id":"https:\/\/manservi.es\/servicios\/","url":"https:\/\/manservi.es\/servicios\/","name":"Manservi, S.L. - Servicios","isPartOf":{"@id":"https:\/\/manservi.es\/#website"},"primaryImageOfPage":{"@id":"https:\/\/manservi.es\/servicios\/#primaryimage"},"image":{"@id":"https:\/\/manservi.es\/servicios\/#primaryimage"},"thumbnailUrl":"https:\/\/manservi.es\/wp-content\/uploads\/2022\/02\/Cabecera-Servicios-scaled.webp","datePublished":"2021-11-16T12:17:08+00:00","dateModified":"2022-05-23T09:01:43+00:00","description":"Eche un vistazo a todas las \u00e1reas de pr\u00e1ctica de Manservi. Estamos para servirle en lo que necesite, cont\u00e1ctenos sin compromiso.","breadcrumb":{"@id":"https:\/\/manservi.es\/servicios\/#breadcrumb"},"inLanguage":"en-US","potentialAction":[{"@type":"ReadAction","target":["https:\/\/manservi.es\/servicios\/"]}]},{"@type":"ImageObject","inLanguage":"en-US","@id":"https:\/\/manservi.es\/servicios\/#primaryimage","url":"https:\/\/manservi.es\/wp-content\/uploads\/2022\/02\/Cabecera-Servicios-scaled.webp","contentUrl":"https:\/\/manservi.es\/wp-content\/uploads\/2022\/02\/Cabecera-Servicios-scaled.webp","width":2560,"height":1707},{"@type":"BreadcrumbList","@id":"https:\/\/manservi.es\/servicios\/#breadcrumb","itemListElement":[{"@type":"ListItem","position":1,"name":"Portada","item":"https:\/\/manservi.es\/"},{"@type":"ListItem","position":2,"name":"Servicios"}]},{"@type":"WebSite","@id":"https:\/\/manservi.es\/#website","url":"https:\/\/manservi.es\/","name":"Manservi","description":"Compa\u00f1\u00eda l\u00edder del sector de la climatizaci\u00f3n y fotovoltaica.","publisher":{"@id":"https:\/\/manservi.es\/#organization"},"potentialAction":[{"@type":"SearchAction","target":{"@type":"EntryPoint","urlTemplate":"https:\/\/manservi.es\/?s={search_term_string}"},"query-input":{"@type":"PropertyValueSpecification","valueRequired":true,"valueName":"search_term_string"}}],"inLanguage":"en-US"},{"@type":"Organization","@id":"https:\/\/manservi.es\/#organization","name":"Manservi, S.L.","url":"https:\/\/manservi.es\/","logo":{"@type":"ImageObject","inLanguage":"en-US","@id":"https:\/\/manservi.es\/#\/schema\/logo\/image\/","url":"https:\/\/manservi.es\/wp-content\/uploads\/2022\/01\/logotipo_manservi_RGB-1.jpg","contentUrl":"https:\/\/manservi.es\/wp-content\/uploads\/2022\/01\/logotipo_manservi_RGB-1.jpg","width":1783,"height":786,"caption":"Manservi, S.L."},"image":{"@id":"https:\/\/manservi.es\/#\/schema\/logo\/image\/"}}]}},"_links":{"self":[{"href":"https:\/\/manservi.es\/english\/wp-json\/wp\/v2\/pages\/1034"}],"collection":[{"href":"https:\/\/manservi.es\/english\/wp-json\/wp\/v2\/pages"}],"about":[{"href":"https:\/\/manservi.es\/english\/wp-json\/wp\/v2\/types\/page"}],"author":[{"embeddable":true,"href":"https:\/\/manservi.es\/english\/wp-json\/wp\/v2\/users\/1"}],"replies":[{"embeddable":true,"href":"https:\/\/manservi.es\/english\/wp-json\/wp\/v2\/comments?post=1034"}],"version-history":[{"count":16,"href":"https:\/\/manservi.es\/english\/wp-json\/wp\/v2\/pages\/1034\/revisions"}],"predecessor-version":[{"id":2228,"href":"https:\/\/manservi.es\/english\/wp-json\/wp\/v2\/pages\/1034\/revisions\/2228"}],"wp:featuredmedia":[{"embeddable":true,"href":"https:\/\/manservi.es\/english\/wp-json\/wp\/v2\/media\/1803"}],"wp:attachment":[{"href":"https:\/\/manservi.es\/english\/wp-json\/wp\/v2\/media?parent=1034"}],"curies":[{"name":"wp","href":"https:\/\/api.w.org\/{rel}","templated":true}]}}